{"id":2,"date":"2017-01-03T14:17:04","date_gmt":"2017-01-03T13:17:04","guid":{"rendered":"http:\/\/claudesimon.fr\/?page_id=2"},"modified":"2025-03-27T23:03:20","modified_gmt":"2025-03-27T22:03:20","slug":"introduction","status":"publish","type":"page","link":"https:\/\/claudesimon.fr\/index.php\/introduction\/","title":{"rendered":"Premiers mots"},"content":{"rendered":"<p style=\"text-align: center;\">Ayant re\u00e7u mon premier appareil photo il y a pratiquement 50 ans, pour ma premi\u00e8re Communion, je me suis toujours passionn\u00e9 pour la photo et je suis autodidacte.<\/p>\n<p style=\"text-align: center;\">C&rsquo;est durant l&rsquo;ann\u00e9e 2008, lorsque je me suis inscrit sur le forum photo BELUXPHOTO.COM que j&rsquo;ai progress\u00e9 dans ma pratique. Le constat \u00e9tait simple : c&rsquo;est en partageant sa passion avec d&rsquo;autres photographes, et en pratiquant ensemble, de fa\u00e7on constructive, que l&rsquo;on progresse.<\/p>\n<p style=\"text-align: center;\">J&rsquo;ai \u00e9t\u00e9 2 ans mod\u00e9rateur sur le forum puis administrateur pendant pr\u00e8s de 8 ans, avec mon ami Romain LAMBAY, administrateur et fondateur du forum. Avec 6 autres personnes, mod\u00e9rateurs et membres du staff, nous formons depuis de nombreuses ann\u00e9es une bonne \u00e9quipe, alternant des posts, formations ponctuelles et sorties de tout type.<\/p>\n<p style=\"text-align: center;\">En parall\u00e8le, j&rsquo;ai ouvert un club photo en septembre 2017, aux Catt&rsquo;Momes \u00e0 Cattenom : D\u00e9clic Catt, dans lequel je transmets ma passion aux 20 adh\u00e9rents, apr\u00e8s avoir re\u00e7u pendant de nombreuses ann\u00e9es des conseils d&rsquo;autres photographes chevronn\u00e9s. Depuis septembre 2019, nous avons mis en place \u00a0un staff technique et artistique afin de mieux conseiller les membres du club photo. Vous pouvez nous contacter sur d\u00e9clic.catt@orange.fr ou nous suivre sur la page FB : D\u00e9clic Catt Photographie<\/p>\n<p style=\"text-align: center;\">J&rsquo;ai une pr\u00e9f\u00e9rence pour les photos de nature, oiseaux, animalier, insectes. Ces photos sont prises \u00e0 l&rsquo;ext\u00e9rieur o\u00f9 le temps consacr\u00e9 permet de recharger les batteries. Cette pratique me vient de mes parents, lorsque nous \u00e9tions ensemble \u00e0 travailler dans les vignes, les champs, dans notre exploitation familiale.<\/p>\n<p style=\"text-align: center;\">En septembre 2023, l&rsquo;aventure photographique continue : nous cr\u00e9ons une nouvelle Association photo : DECLIC CATT et migrons \u00e0 l&rsquo;Espace Culturel Victor Hugo \u00e0 Cattenom.<\/p>\n<p style=\"text-align: center;\">En mars 2024, le Club Photo adh\u00e8re \u00e0 la F\u00e9d\u00e9ration Photographique de France (FPF).<\/p>\n<p style=\"text-align: center;\">Je photographie \u00e9galement l&rsquo;architecture, tout type de sport, proxi-photo, photos de rue, nature morte, portraits, \u00e9v\u00e8nements, feux d&rsquo;artifices, photos de nuit, mariages \u00a0etc &#8230;<\/p>\n<p style=\"text-align: center;\"><strong><span style=\"text-decoration: underline;\">2 devises me tiennent \u00e0 coeur :<\/span><\/strong><\/p>\n<p style=\"text-align: center;\"><em><strong>La beaut\u00e9 n\u2019est pas dans les choses, elle est dans nos yeux (Bernard Noel)<\/strong><\/em> : et c&rsquo;est en y faisant attention que nous magnifions nos photos !<\/p>\n<p style=\"text-align: center;\"><em><strong>Profitons de l&rsquo;instant pr\u00e9sent<\/strong><\/em> : prendre une photo est immortaliser un instant qui ne reviendra jamais, l&rsquo;instant est unique !<\/p>\n<p style=\"text-align: center;\">Venez d\u00e9couvrir quelques-unes de mes photos prises ces derni\u00e8res ann\u00e9es et profitez de l&rsquo;instant pr\u00e9sent !<\/p>\n<p style=\"text-align: center;\">Contact : claudy@me.com<\/p>\n","protected":false},"excerpt":{"rendered":"<p>Ayant re\u00e7u mon premier appareil photo il y a pratiquement 50 ans, pour ma premi\u00e8re Communion, je me suis toujours passionn\u00e9 pour la photo et je suis autodidacte. C&rsquo;est durant l&rsquo;ann\u00e9e 2008, lorsque je me suis inscrit sur le forum photo BELUXPHOTO.COM que j&rsquo;ai progress\u00e9 dans ma pratique. Le constat \u00e9tait simple : c&rsquo;est en&hellip;<\/p>\n","protected":false},"author":1,"featured_media":0,"parent":0,"menu_order":0,"comment_status":"closed","ping_status":"open","template":"","meta":{"_mo_disable_npp":"","footnotes":""},"class_list":["post-2","page","type-page","status-publish","hentry","no-post-thumbnail","post-grid-3-col","entry"],"_links":{"self":[{"href":"https:\/\/claudesimon.fr\/index.php\/wp-json\/wp\/v2\/pages\/2","targetHints":{"allow":["GET"]}}],"collection":[{"href":"https:\/\/claudesimon.fr\/index.php\/wp-json\/wp\/v2\/pages"}],"about":[{"href":"https:\/\/claudesimon.fr\/index.php\/wp-json\/wp\/v2\/types\/page"}],"author":[{"embeddable":true,"href":"https:\/\/claudesimon.fr\/index.php\/wp-json\/wp\/v2\/users\/1"}],"replies":[{"embeddable":true,"href":"https:\/\/claudesimon.fr\/index.php\/wp-json\/wp\/v2\/comments?post=2"}],"version-history":[{"count":21,"href":"https:\/\/claudesimon.fr\/index.php\/wp-json\/wp\/v2\/pages\/2\/revisions"}],"predecessor-version":[{"id":175,"href":"https:\/\/claudesimon.fr\/index.php\/wp-json\/wp\/v2\/pages\/2\/revisions\/175"}],"wp:attachment":[{"href":"https:\/\/claudesimon.fr\/index.php\/wp-json\/wp\/v2\/media?parent=2"}],"curies":[{"name":"wp","href":"https:\/\/api.w.org\/{rel}","templated":true}]}}