{"id":43,"date":"2018-05-07T17:29:56","date_gmt":"2018-05-07T15:29:56","guid":{"rendered":"http:\/\/claudesimon.fr\/?page_id=43"},"modified":"2025-03-27T23:46:51","modified_gmt":"2025-03-27T22:46:51","slug":"expo-cattenom","status":"publish","type":"page","link":"https:\/\/claudesimon.fr\/index.php\/expo-cattenom\/","title":{"rendered":"Exposition \u00ab\u00a0EN VOL\u00a0\u00bb &#8211; du 11 au 27 mai 2018"},"content":{"rendered":"<p>Photos expos\u00e9es \u00e0 la m\u00e9diath\u00e8que de Cattenom, 39 rue des Ch\u00e2teaux, du 11 au 27 mai 2018 :<\/p>\n","protected":false},"excerpt":{"rendered":"<p>Photos expos\u00e9es \u00e0 la m\u00e9diath\u00e8que de Cattenom, 39 rue des Ch\u00e2teaux, du 11 au 27 mai 2018 :<\/p>\n","protected":false},"author":1,"featured_media":0,"parent":0,"menu_order":0,"comment_status":"closed","ping_status":"closed","template":"","meta":{"_mo_disable_npp":"","footnotes":""},"class_list":["post-43","page","type-page","status-publish","hentry","no-post-thumbnail","post-grid-3-col","entry"],"_links":{"self":[{"href":"https:\/\/claudesimon.fr\/index.php\/wp-json\/wp\/v2\/pages\/43","targetHints":{"allow":["GET"]}}],"collection":[{"href":"https:\/\/claudesimon.fr\/index.php\/wp-json\/wp\/v2\/pages"}],"about":[{"href":"https:\/\/claudesimon.fr\/index.php\/wp-json\/wp\/v2\/types\/page"}],"author":[{"embeddable":true,"href":"https:\/\/claudesimon.fr\/index.php\/wp-json\/wp\/v2\/users\/1"}],"replies":[{"embeddable":true,"href":"https:\/\/claudesimon.fr\/index.php\/wp-json\/wp\/v2\/comments?post=43"}],"version-history":[{"count":10,"href":"https:\/\/claudesimon.fr\/index.php\/wp-json\/wp\/v2\/pages\/43\/revisions"}],"predecessor-version":[{"id":177,"href":"https:\/\/claudesimon.fr\/index.php\/wp-json\/wp\/v2\/pages\/43\/revisions\/177"}],"wp:attachment":[{"href":"https:\/\/claudesimon.fr\/index.php\/wp-json\/wp\/v2\/media?parent=43"}],"curies":[{"name":"wp","href":"https:\/\/api.w.org\/{rel}","templated":true}]}}